{"id":3,"date":"2023-01-04T18:40:12","date_gmt":"2023-01-04T18:40:12","guid":{"rendered":"http:\/\/barbeariajesus.com\/?page_id=3"},"modified":"2023-03-16T09:59:32","modified_gmt":"2023-03-16T09:59:32","slug":"privacy-policy","status":"publish","type":"page","link":"https:\/\/barbeariajesus.com\/en\/privacy-policy\/","title":{"rendered":"Privacy Policy"},"content":{"rendered":"<div data-elementor-type=\"wp-page\" data-elementor-id=\"3\" class=\"elementor elementor-3\" data-elementor-post-type=\"page\">\n\t\t\t\t\t\t\t\t\t<section class=\"elementor-section elementor-top-section elementor-element elementor-element-32a2f4e1 elementor-section-boxed elementor-section-height-default elementor-section-height-default\" data-id=\"32a2f4e1\" data-element_type=\"section\">\n\t\t\t\t\t\t<div class=\"elementor-container elementor-column-gap-default\">\n\t\t\t\t\t<div class=\"elementor-column elementor-col-100 elementor-top-column elementor-element elementor-element-2f099a31\" data-id=\"2f099a31\" data-element_type=\"column\">\n\t\t\t<div class=\"elementor-widget-wrap elementor-element-populated\">\n\t\t\t\t\t\t\t\t<div class=\"elementor-element elementor-element-36db8a6f elementor-widget elementor-widget-text-editor\" data-id=\"36db8a6f\" data-element_type=\"widget\" data-widget_type=\"text-editor.default\">\n\t\t\t\t<div class=\"elementor-widget-container\">\n\t\t\t<style>\/*! elementor - v3.18.0 - 06-12-2023 *\/\n.elementor-widget-text-editor.elementor-drop-cap-view-stacked .elementor-drop-cap{background-color:#69727d;color:#fff}.elementor-widget-text-editor.elementor-drop-cap-view-framed .elementor-drop-cap{color:#69727d;border:3px solid;background-color:transparent}.elementor-widget-text-editor:not(.elementor-drop-cap-view-default) .elementor-drop-cap{margin-top:8px}.elementor-widget-text-editor:not(.elementor-drop-cap-view-default) .elementor-drop-cap-letter{width:1em;height:1em}.elementor-widget-text-editor .elementor-drop-cap{float:left;text-align:center;line-height:1;font-size:50px}.elementor-widget-text-editor .elementor-drop-cap-letter{display:inline-block}<\/style>\t\t\t\t<p>Pol\u00edtica de privacidade do site BarbeariaJesus.com<\/p><p>A privacidade dos nossos visitantes \u00e9 extremamente importante para n\u00f3s. Esta pol\u00edtica de privacidade descreve os tipos de informa\u00e7\u00f5es pessoais que recebemos e coletamos quando voc\u00ea visita o site BarbeariaJesus.com, e como essas informa\u00e7\u00f5es s\u00e3o usadas, processadas e protegidas.<\/p><ol><li><strong>Informa\u00e7\u00f5es pessoais coletadas<\/strong><br \/>Quando voc\u00ea visita o site BarbeariaJesus.com, podemos coletar informa\u00e7\u00f5es pessoais que voc\u00ea voluntariamente nos fornece, como nome, endere\u00e7o de e-mail, n\u00famero de telefone, endere\u00e7o postal e outras informa\u00e7\u00f5es de contato. Podemos tamb\u00e9m coletar informa\u00e7\u00f5es t\u00e9cnicas, como endere\u00e7o IP, tipo de navegador, provedor de servi\u00e7os de Internet, p\u00e1ginas visitadas e tempos de visita. Essas informa\u00e7\u00f5es s\u00e3o coletadas por meio de cookies e outras tecnologias de rastreamento.<\/li><li><strong>Uso de informa\u00e7\u00f5es pessoais<\/strong><br \/>As informa\u00e7\u00f5es pessoais que coletamos s\u00e3o usadas para fornecer servi\u00e7os e produtos, responder a perguntas e coment\u00e1rios, melhorar o desempenho do site, personalizar a experi\u00eancia do usu\u00e1rio e enviar materiais promocionais e outras informa\u00e7\u00f5es relacionadas \u00e0 BarbeariaJesus.com. N\u00e3o compartilhamos suas informa\u00e7\u00f5es pessoais com terceiros, exceto quando exigido por lei ou com sua autoriza\u00e7\u00e3o expressa.<\/li><li><strong>Cookies<\/strong><br \/>Usamos cookies e outras tecnologias de rastreamento para coletar informa\u00e7\u00f5es sobre como os usu\u00e1rios interagem com o site BarbeariaJesus.com. Essas informa\u00e7\u00f5es s\u00e3o usadas para melhorar a experi\u00eancia do usu\u00e1rio e personalizar o conte\u00fado do site. Os cookies tamb\u00e9m podem ser usados para fins publicit\u00e1rios e para fins de an\u00e1lise.<\/li><li><strong>Seguran\u00e7a<\/strong><br \/>Tomamos medidas razo\u00e1veis para proteger as informa\u00e7\u00f5es pessoais dos usu\u00e1rios contra acesso n\u00e3o autorizado, divulga\u00e7\u00e3o ou destrui\u00e7\u00e3o. No entanto, n\u00e3o podemos garantir a seguran\u00e7a absoluta das informa\u00e7\u00f5es pessoais transmitidas atrav\u00e9s da internet.<\/li><li><strong>Consentimento<\/strong><br \/>Ao usar o site BarbeariaJesus.com, voc\u00ea concorda com a coleta, uso e processamento de suas informa\u00e7\u00f5es pessoais de acordo com esta pol\u00edtica de privacidade. Se voc\u00ea n\u00e3o concorda com esta pol\u00edtica de privacidade, por favor, n\u00e3o use o site.<\/li><li><strong>Altera\u00e7\u00f5es \u00e0 pol\u00edtica de privacidade<\/strong><br \/>Podemos atualizar esta pol\u00edtica de privacidade de tempos em tempos. Recomendamos que os usu\u00e1rios revisem esta p\u00e1gina periodicamente para se manterem informados sobre as altera\u00e7\u00f5es na pol\u00edtica de privacidade.<\/li><li><strong>Contato<\/strong><br \/>Se voc\u00ea tiver d\u00favidas ou preocupa\u00e7\u00f5es sobre esta pol\u00edtica de privacidade, entre em contato conosco atrav\u00e9s do e-mail sandrajesus23@hotmail.com<br \/>.<\/li><\/ol>\t\t\t\t\t\t<\/div>\n\t\t\t\t<\/div>\n\t\t\t\t\t<\/div>\n\t\t<\/div>\n\t\t\t\t\t\t\t<\/div>\n\t\t<\/section>\n\t\t\t\t\t\t\t<\/div>","protected":false},"excerpt":{"rendered":"<p>Pol\u00edtica de privacidade do site BarbeariaJesus.com A privacidade dos nossos visitantes \u00e9 extremamente importante para n\u00f3s. Esta pol\u00edtica de privacidade descreve os tipos de informa\u00e7\u00f5es pessoais que recebemos e coletamos quando voc\u00ea visita o site BarbeariaJesus.com, e como essas informa\u00e7\u00f5es s\u00e3o usadas, processadas e protegidas. Informa\u00e7\u00f5es pessoais coletadasQuando voc\u00ea visita o site BarbeariaJesus.com, podemos coletar [&hellip;]<\/p>","protected":false},"author":1,"featured_media":0,"parent":0,"menu_order":0,"comment_status":"closed","ping_status":"closed","template":"","meta":{"om_disable_all_campaigns":false,"_mi_skip_tracking":false,"_monsterinsights_sitenote_active":false,"_monsterinsights_sitenote_note":"","_monsterinsights_sitenote_category":0,"footnotes":""},"aioseo_notices":[],"_links":{"self":[{"href":"https:\/\/barbeariajesus.com\/en\/wp-json\/wp\/v2\/pages\/3"}],"collection":[{"href":"https:\/\/barbeariajesus.com\/en\/wp-json\/wp\/v2\/pages"}],"about":[{"href":"https:\/\/barbeariajesus.com\/en\/wp-json\/wp\/v2\/types\/page"}],"author":[{"embeddable":true,"href":"https:\/\/barbeariajesus.com\/en\/wp-json\/wp\/v2\/users\/1"}],"replies":[{"embeddable":true,"href":"https:\/\/barbeariajesus.com\/en\/wp-json\/wp\/v2\/comments?post=3"}],"version-history":[{"count":10,"href":"https:\/\/barbeariajesus.com\/en\/wp-json\/wp\/v2\/pages\/3\/revisions"}],"predecessor-version":[{"id":788,"href":"https:\/\/barbeariajesus.com\/en\/wp-json\/wp\/v2\/pages\/3\/revisions\/788"}],"wp:attachment":[{"href":"https:\/\/barbeariajesus.com\/en\/wp-json\/wp\/v2\/media?parent=3"}],"curies":[{"name":"wp","href":"https:\/\/api.w.org\/{rel}","templated":true}]}}